{"id":704,"date":"2020-05-23T16:30:34","date_gmt":"2020-05-23T16:30:34","guid":{"rendered":"http:\/\/www.bayresplan.com\/?page_id=704"},"modified":"2020-05-26T04:28:00","modified_gmt":"2020-05-26T04:28:00","slug":"servicios","status":"publish","type":"page","link":"http:\/\/www.bayresplan.com\/index.php\/servicios\/","title":{"rendered":"SERVICIOS"},"content":{"rendered":"<div data-colibri-id=\"704-c1\" class=\"style-1252 style-local-704-c1 position-relative\">\r\n  <!---->\r\n  <div data-colibri-component=\"section\" data-colibri-id=\"704-c2\" id=\"overlappable\" class=\"h-section h-section-global-spacing d-flex align-items-lg-center align-items-md-center align-items-center style-1253 style-local-704-c2 position-relative\">\r\n    <!---->\r\n    <!---->\r\n    <div class=\"h-section-grid-container h-section-boxed-container\">\r\n      <!---->\r\n      <div data-colibri-id=\"704-c28\" class=\"h-row-container gutters-row-lg-2 gutters-row-md-2 gutters-row-0 gutters-row-v-lg-2 gutters-row-v-md-2 gutters-row-v-2 style-1270 style-local-704-c28 position-relative\">\r\n        <!---->\r\n        <div class=\"h-row justify-content-lg-center justify-content-md-center justify-content-center align-items-lg-stretch align-items-md-stretch align-items-stretch gutters-col-lg-2 gutters-col-md-2 gutters-col-0 gutters-col-v-lg-2 gutters-col-v-md-2 gutters-col-v-2\">\r\n          <!---->\r\n          <div class=\"h-column h-column-container d-flex h-col-lg-auto h-col-md-auto h-col-auto style-1271-outer style-local-704-c29-outer\">\r\n            <div data-colibri-id=\"704-c29\" class=\"d-flex h-flex-basis h-column__inner h-px-lg-2 h-px-md-2 h-px-2 v-inner-lg-2 v-inner-md-2 v-inner-2 style-1271 style-local-704-c29 position-relative\">\r\n              <!---->\r\n              <!---->\r\n              <div class=\"w-100 h-y-container h-column__content h-column__v-align flex-basis-100 align-self-lg-start align-self-md-start align-self-start\">\r\n                <!---->\r\n                <div data-colibri-id=\"704-c30\" class=\"h-global-transition-all h-heading style-1272 style-local-704-c30 position-relative h-element\">\r\n                  <!---->\r\n                  <!---->\r\n                  <h1 class=\"\">Servicios<\/h1>\r\n                <\/div>\r\n              <\/div>\r\n            <\/div>\r\n          <\/div>\r\n        <\/div>\r\n      <\/div>\r\n    <\/div>\r\n  <\/div>\r\n  <div data-colibri-component=\"section\" data-colibri-id=\"704-c31\" id=\"overlappable-2\" class=\"h-section h-section-global-spacing d-flex align-items-lg-center align-items-md-center align-items-center style-1273 style-local-704-c31 position-relative\">\r\n    <!---->\r\n    <!---->\r\n    <div class=\"h-section-grid-container h-section-boxed-container\">\r\n      <!---->\r\n      <div data-colibri-id=\"704-c32\" class=\"h-row-container gutters-row-lg-0 gutters-row-md-0 gutters-row-2 gutters-row-v-lg-0 gutters-row-v-md-0 gutters-row-v-2 style-1274 style-local-704-c32 position-relative\">\r\n        <!---->\r\n        <div class=\"h-row justify-content-lg-center justify-content-md-center justify-content-center align-items-lg-stretch align-items-md-stretch align-items-stretch gutters-col-lg-0 gutters-col-md-0 gutters-col-2 gutters-col-v-lg-0 gutters-col-v-md-0 gutters-col-v-2\">\r\n          <!---->\r\n          <div class=\"h-column h-column-container d-flex h-col-lg-4 h-col-md-4 h-col-12 style-1275-outer style-local-704-c33-outer\">\r\n            <div data-colibri-id=\"704-c33\" class=\"d-flex h-flex-basis h-column__inner h-px-lg-3 h-px-md-3 h-px-2 v-inner-lg-3 v-inner-md-3 v-inner-2 style-1275 style-local-704-c33 position-relative\">\r\n              <!---->\r\n              <!---->\r\n              <div class=\"w-100 h-y-container h-column__content h-column__v-align flex-basis-100 align-self-lg-start align-self-md-start align-self-start\">\r\n                <!---->\r\n                <div data-colibri-id=\"704-c34\" class=\"h-icon style-1276 style-local-704-c34 position-relative h-element\">\r\n                  <!----><span class=\"h-svg-icon h-icon__icon style-1276-icon style-local-704-c34-icon\"><!--Icon by Font Awesome (https:\/\/fontawesome.com)--><svg version=\"1.1\" xmlns=\"http:\/\/www.w3.org\/2000\/svg\" xmlns:xlink=\"http:\/\/www.w3.org\/1999\/xlink\" id=\"check-circle\" viewBox=\"0 0 1536 1896.0833\"><path d=\"M1284 734q0-28-18-46l-91-90q-19-19-45-19t-45 19l-408 407-226-226q-19-19-45-19t-45 19l-91 90q-18 18-18 46 0 27 18 45l362 362q19 19 45 19 27 0 46-19l543-543q18-18 18-45zm252 162q0 209-103 385.5T1153.5 1561 768 1664t-385.5-103T103 1281.5 0 896t103-385.5T382.5 231 768 128t385.5 103T1433 510.5 1536 896z\"><\/path><\/svg><\/span><\/div>\r\n                <div\r\n                  data-colibri-id=\"704-c35\" class=\"h-global-transition-all h-heading style-1277 style-local-704-c35 position-relative h-element\">\r\n                  <!---->\r\n                  <!---->\r\n                  <h5 class=\"\">laboratorios<\/h5>\r\n              <\/div>\r\n            <\/div>\r\n          <\/div>\r\n        <\/div>\r\n        <div class=\"h-column h-column-container d-flex h-col-lg-4 h-col-md-4 h-col-12 style-1275-outer style-local-704-c39-outer\">\r\n          <div data-colibri-id=\"704-c39\" class=\"d-flex h-flex-basis h-column__inner h-px-lg-3 h-px-md-3 h-px-2 v-inner-lg-3 v-inner-md-3 v-inner-2 style-1275 style-local-704-c39 position-relative\">\r\n            <!---->\r\n            <!---->\r\n            <div class=\"w-100 h-y-container h-column__content h-column__v-align flex-basis-100 align-self-lg-start align-self-md-start align-self-start\">\r\n              <!---->\r\n              <div data-colibri-id=\"704-c40\" class=\"h-icon style-1276 style-local-704-c40 position-relative h-element\">\r\n                <!----><span class=\"h-svg-icon h-icon__icon style-1276-icon style-local-704-c40-icon\"><!--Icon by Font Awesome (https:\/\/fontawesome.com)--><svg version=\"1.1\" xmlns=\"http:\/\/www.w3.org\/2000\/svg\" xmlns:xlink=\"http:\/\/www.w3.org\/1999\/xlink\" id=\"check-circle\" viewBox=\"0 0 1536 1896.0833\"><path d=\"M1284 734q0-28-18-46l-91-90q-19-19-45-19t-45 19l-408 407-226-226q-19-19-45-19t-45 19l-91 90q-18 18-18 46 0 27 18 45l362 362q19 19 45 19 27 0 46-19l543-543q18-18 18-45zm252 162q0 209-103 385.5T1153.5 1561 768 1664t-385.5-103T103 1281.5 0 896t103-385.5T382.5 231 768 128t385.5 103T1433 510.5 1536 896z\"><\/path><\/svg><\/span><\/div>\r\n              <div\r\n                data-colibri-id=\"704-c41\" class=\"h-global-transition-all h-heading style-1277 style-local-704-c41 position-relative h-element\">\r\n                <!---->\r\n                <!---->\r\n                <h5 class=\"\">beneficios en farmacias y \u00f3pticas<\/h5>\r\n            <\/div>\r\n          <\/div>\r\n        <\/div>\r\n      <\/div>\r\n      <div class=\"h-column h-column-container d-flex h-col-lg-4 h-col-md-4 h-col-12 style-1275-outer style-local-704-c45-outer\">\r\n        <div data-colibri-id=\"704-c45\" class=\"d-flex h-flex-basis h-column__inner h-px-lg-3 h-px-md-3 h-px-2 v-inner-lg-3 v-inner-md-3 v-inner-2 style-1275 style-local-704-c45 position-relative\">\r\n          <!---->\r\n          <!---->\r\n          <div class=\"w-100 h-y-container h-column__content h-column__v-align flex-basis-100 align-self-lg-start align-self-md-start align-self-start\">\r\n            <!---->\r\n            <div data-colibri-id=\"704-c46\" class=\"h-icon style-1276 style-local-704-c46 position-relative h-element\">\r\n              <!----><span class=\"h-svg-icon h-icon__icon style-1276-icon style-local-704-c46-icon\"><!--Icon by Font Awesome (https:\/\/fontawesome.com)--><svg version=\"1.1\" xmlns=\"http:\/\/www.w3.org\/2000\/svg\" xmlns:xlink=\"http:\/\/www.w3.org\/1999\/xlink\" id=\"check-circle\" viewBox=\"0 0 1536 1896.0833\"><path d=\"M1284 734q0-28-18-46l-91-90q-19-19-45-19t-45 19l-408 407-226-226q-19-19-45-19t-45 19l-91 90q-18 18-18 46 0 27 18 45l362 362q19 19 45 19 27 0 46-19l543-543q18-18 18-45zm252 162q0 209-103 385.5T1153.5 1561 768 1664t-385.5-103T103 1281.5 0 896t103-385.5T382.5 231 768 128t385.5 103T1433 510.5 1536 896z\"><\/path><\/svg><\/span><\/div>\r\n            <div\r\n              data-colibri-id=\"704-c47\" class=\"h-global-transition-all h-heading style-1277 style-local-704-c47 position-relative h-element\">\r\n              <!---->\r\n              <!---->\r\n              <h5 class=\"\">centro de diagn\u00f3stico por im\u00e1genes<\/h5>\r\n          <\/div>\r\n        <\/div>\r\n      <\/div>\r\n    <\/div>\r\n  <\/div>\r\n<\/div>\r\n<\/div>\r\n<\/div>\r\n<div data-colibri-component=\"section\" data-colibri-id=\"704-c51\" id=\"overlappable-3\" class=\"h-section h-section-global-spacing d-flex align-items-lg-center align-items-md-center align-items-center style-1281 style-local-704-c51 position-relative\">\r\n  <!---->\r\n  <!---->\r\n  <div class=\"h-section-grid-container h-section-boxed-container\">\r\n    <!---->\r\n    <div data-colibri-id=\"704-c52\" class=\"h-row-container gutters-row-lg-0 gutters-row-md-0 gutters-row-2 gutters-row-v-lg-0 gutters-row-v-md-0 gutters-row-v-2 style-1282 style-local-704-c52 position-relative\">\r\n      <!---->\r\n      <div class=\"h-row justify-content-lg-center justify-content-md-center justify-content-center align-items-lg-stretch align-items-md-stretch align-items-stretch gutters-col-lg-0 gutters-col-md-0 gutters-col-2 gutters-col-v-lg-0 gutters-col-v-md-0 gutters-col-v-2\">\r\n        <!---->\r\n        <div class=\"h-column h-column-container d-flex h-col-lg-4 h-col-md-4 h-col-12 style-1283-outer style-local-704-c53-outer\">\r\n          <div data-colibri-id=\"704-c53\" class=\"d-flex h-flex-basis h-column__inner h-px-lg-3 h-px-md-3 h-px-2 v-inner-lg-3 v-inner-md-3 v-inner-2 style-1283 style-local-704-c53 position-relative\">\r\n            <!---->\r\n            <!---->\r\n            <div class=\"w-100 h-y-container h-column__content h-column__v-align flex-basis-100 align-self-lg-start align-self-md-start align-self-start\">\r\n              <!---->\r\n              <div data-colibri-id=\"704-c54\" class=\"h-icon style-1284 style-local-704-c54 position-relative h-element\">\r\n                <!----><span class=\"h-svg-icon h-icon__icon style-1284-icon style-local-704-c54-icon\"><!--Icon by Font Awesome (https:\/\/fontawesome.com)--><svg version=\"1.1\" xmlns=\"http:\/\/www.w3.org\/2000\/svg\" xmlns:xlink=\"http:\/\/www.w3.org\/1999\/xlink\" id=\"check-circle\" viewBox=\"0 0 1536 1896.0833\"><path d=\"M1284 734q0-28-18-46l-91-90q-19-19-45-19t-45 19l-408 407-226-226q-19-19-45-19t-45 19l-91 90q-18 18-18 46 0 27 18 45l362 362q19 19 45 19 27 0 46-19l543-543q18-18 18-45zm252 162q0 209-103 385.5T1153.5 1561 768 1664t-385.5-103T103 1281.5 0 896t103-385.5T382.5 231 768 128t385.5 103T1433 510.5 1536 896z\"><\/path><\/svg><\/span><\/div>\r\n              <div\r\n                data-colibri-id=\"704-c55\" class=\"h-global-transition-all h-heading style-1285 style-local-704-c55 position-relative h-element\">\r\n                <!---->\r\n                <!---->\r\n                <h5 class=\"\">urgencias y traslados&nbsp;<\/h5>\r\n            <\/div>\r\n          <\/div>\r\n        <\/div>\r\n      <\/div>\r\n      <div class=\"h-column h-column-container d-flex h-col-lg-4 h-col-md-4 h-col-12 style-1283-outer style-local-704-c59-outer\">\r\n        <div data-colibri-id=\"704-c59\" class=\"d-flex h-flex-basis h-column__inner h-px-lg-3 h-px-md-3 h-px-2 v-inner-lg-3 v-inner-md-3 v-inner-2 style-1283 style-local-704-c59 position-relative\">\r\n          <!---->\r\n          <!---->\r\n          <div class=\"w-100 h-y-container h-column__content h-column__v-align flex-basis-100 align-self-lg-start align-self-md-start align-self-start\">\r\n            <!---->\r\n            <div data-colibri-id=\"704-c60\" class=\"h-icon style-1284 style-local-704-c60 position-relative h-element\">\r\n              <!----><span class=\"h-svg-icon h-icon__icon style-1284-icon style-local-704-c60-icon\"><!--Icon by Font Awesome (https:\/\/fontawesome.com)--><svg version=\"1.1\" xmlns=\"http:\/\/www.w3.org\/2000\/svg\" xmlns:xlink=\"http:\/\/www.w3.org\/1999\/xlink\" id=\"check-circle\" viewBox=\"0 0 1536 1896.0833\"><path d=\"M1284 734q0-28-18-46l-91-90q-19-19-45-19t-45 19l-408 407-226-226q-19-19-45-19t-45 19l-91 90q-18 18-18 46 0 27 18 45l362 362q19 19 45 19 27 0 46-19l543-543q18-18 18-45zm252 162q0 209-103 385.5T1153.5 1561 768 1664t-385.5-103T103 1281.5 0 896t103-385.5T382.5 231 768 128t385.5 103T1433 510.5 1536 896z\"><\/path><\/svg><\/span><\/div>\r\n            <div\r\n              data-colibri-id=\"704-c61\" class=\"h-global-transition-all h-heading style-1285 style-local-704-c61 position-relative h-element\">\r\n              <!---->\r\n              <!---->\r\n              <h5 class=\"\">m\u00e9dicos a domicilio<\/h5>\r\n          <\/div>\r\n        <\/div>\r\n      <\/div>\r\n    <\/div>\r\n    <div class=\"h-column h-column-container d-flex h-col-lg-4 h-col-md-4 h-col-12 style-1283-outer style-local-704-c65-outer\">\r\n      <div data-colibri-id=\"704-c65\" class=\"d-flex h-flex-basis h-column__inner h-px-lg-3 h-px-md-3 h-px-2 v-inner-lg-3 v-inner-md-3 v-inner-2 style-1283 style-local-704-c65 position-relative\">\r\n        <!---->\r\n        <!---->\r\n        <div class=\"w-100 h-y-container h-column__content h-column__v-align flex-basis-100 align-self-lg-start align-self-md-start align-self-start\">\r\n          <!---->\r\n          <div data-colibri-id=\"704-c66\" class=\"h-icon style-1284 style-local-704-c66 position-relative h-element\">\r\n            <!----><span class=\"h-svg-icon h-icon__icon style-1284-icon style-local-704-c66-icon\"><!--Icon by Font Awesome (https:\/\/fontawesome.com)--><svg version=\"1.1\" xmlns=\"http:\/\/www.w3.org\/2000\/svg\" xmlns:xlink=\"http:\/\/www.w3.org\/1999\/xlink\" id=\"check-circle\" viewBox=\"0 0 1536 1896.0833\"><path d=\"M1284 734q0-28-18-46l-91-90q-19-19-45-19t-45 19l-408 407-226-226q-19-19-45-19t-45 19l-91 90q-18 18-18 46 0 27 18 45l362 362q19 19 45 19 27 0 46-19l543-543q18-18 18-45zm252 162q0 209-103 385.5T1153.5 1561 768 1664t-385.5-103T103 1281.5 0 896t103-385.5T382.5 231 768 128t385.5 103T1433 510.5 1536 896z\"><\/path><\/svg><\/span><\/div>\r\n          <div\r\n            data-colibri-id=\"704-c67\" class=\"h-global-transition-all h-heading style-1285 style-local-704-c67 position-relative h-element\">\r\n            <!---->\r\n            <!---->\r\n            <h5 class=\"\">guardias&nbsp;<\/h5>\r\n        <\/div>\r\n      <\/div>\r\n    <\/div>\r\n  <\/div>\r\n<\/div>\r\n<\/div>\r\n<\/div>\r\n<\/div>\r\n<\/div>","protected":false},"excerpt":{"rendered":"<p>Servicios laboratorios beneficios en farmacias y \u00f3pticas centro de diagn\u00f3stico por im\u00e1genes urgencias y traslados&nbsp; m\u00e9dicos a domicilio guardias&nbsp;<\/p>\n","protected":false},"author":1,"featured_media":0,"parent":0,"menu_order":0,"comment_status":"closed","ping_status":"closed","template":"page-templates\/full-width-page.php","meta":[],"yoast_head":"<!-- This site is optimized with the Yoast SEO plugin v14.8.1 - https:\/\/yoast.com\/wordpress\/plugins\/seo\/ -->\n<title>SERVICIOS - BayresPlan<\/title>\n<meta name=\"description\" content=\"M\u00e1s de 100 especialidades, centros m\u00e9dicos y farmacias, odontolog\u00eda, internaci\u00f3n, cirug\u00eda est\u00e9tica, asistencia al viajero y m\u00e1s...\" \/>\n<meta name=\"robots\" content=\"index, follow\" \/>\n<meta name=\"googlebot\" content=\"index, follow, max-snippet:-1, max-image-preview:large, max-video-preview:-1\" \/>\n<meta name=\"bingbot\" content=\"index, follow, max-snippet:-1, max-image-preview:large, max-video-preview:-1\" \/>\n<link rel=\"canonical\" href=\"http:\/\/www.bayresplan.com\/index.php\/servicios\/\" \/>\n<meta property=\"og:locale\" content=\"es_ES\" \/>\n<meta property=\"og:type\" content=\"article\" \/>\n<meta property=\"og:title\" content=\"SERVICIOS - BayresPlan\" \/>\n<meta property=\"og:description\" content=\"M\u00e1s de 100 especialidades, centros m\u00e9dicos y farmacias, odontolog\u00eda, internaci\u00f3n, cirug\u00eda est\u00e9tica, asistencia al viajero y m\u00e1s...\" \/>\n<meta property=\"og:url\" content=\"http:\/\/www.bayresplan.com\/index.php\/servicios\/\" \/>\n<meta property=\"og:site_name\" content=\"BayresPlan\" \/>\n<meta property=\"article:modified_time\" content=\"2020-05-26T04:28:00+00:00\" \/>\n<meta name=\"twitter:card\" content=\"summary_large_image\" \/>\n<script type=\"application\/ld+json\" class=\"yoast-schema-graph\">{\"@context\":\"https:\/\/schema.org\",\"@graph\":[{\"@type\":\"WebSite\",\"@id\":\"http:\/\/www.bayresplan.com\/#website\",\"url\":\"http:\/\/www.bayresplan.com\/\",\"name\":\"BayresPlan\",\"description\":\"Brindando la mejor atenci&oacute;n a nuestros afiliados\",\"potentialAction\":[{\"@type\":\"SearchAction\",\"target\":\"http:\/\/www.bayresplan.com\/?s={search_term_string}\",\"query-input\":\"required name=search_term_string\"}],\"inLanguage\":\"es\"},{\"@type\":\"WebPage\",\"@id\":\"http:\/\/www.bayresplan.com\/index.php\/servicios\/#webpage\",\"url\":\"http:\/\/www.bayresplan.com\/index.php\/servicios\/\",\"name\":\"SERVICIOS - BayresPlan\",\"isPartOf\":{\"@id\":\"http:\/\/www.bayresplan.com\/#website\"},\"datePublished\":\"2020-05-23T16:30:34+00:00\",\"dateModified\":\"2020-05-26T04:28:00+00:00\",\"description\":\"M\\u00e1s de 100 especialidades, centros m\\u00e9dicos y farmacias, odontolog\\u00eda, internaci\\u00f3n, cirug\\u00eda est\\u00e9tica, asistencia al viajero y m\\u00e1s...\",\"inLanguage\":\"es\",\"potentialAction\":[{\"@type\":\"ReadAction\",\"target\":[\"http:\/\/www.bayresplan.com\/index.php\/servicios\/\"]}]}]}<\/script>\n<!-- \/ Yoast SEO plugin. -->","_links":{"self":[{"href":"http:\/\/www.bayresplan.com\/index.php\/wp-json\/wp\/v2\/pages\/704"}],"collection":[{"href":"http:\/\/www.bayresplan.com\/index.php\/wp-json\/wp\/v2\/pages"}],"about":[{"href":"http:\/\/www.bayresplan.com\/index.php\/wp-json\/wp\/v2\/types\/page"}],"author":[{"embeddable":true,"href":"http:\/\/www.bayresplan.com\/index.php\/wp-json\/wp\/v2\/users\/1"}],"replies":[{"embeddable":true,"href":"http:\/\/www.bayresplan.com\/index.php\/wp-json\/wp\/v2\/comments?post=704"}],"version-history":[{"count":2,"href":"http:\/\/www.bayresplan.com\/index.php\/wp-json\/wp\/v2\/pages\/704\/revisions"}],"predecessor-version":[{"id":709,"href":"http:\/\/www.bayresplan.com\/index.php\/wp-json\/wp\/v2\/pages\/704\/revisions\/709"}],"wp:attachment":[{"href":"http:\/\/www.bayresplan.com\/index.php\/wp-json\/wp\/v2\/media?parent=704"}],"curies":[{"name":"wp","href":"https:\/\/api.w.org\/{rel}","templated":true}]}}