{"id":178,"date":"2020-04-29T21:46:25","date_gmt":"2020-04-29T21:46:25","guid":{"rendered":"http:\/\/www.bayresplan.com\/?page_id=178"},"modified":"2020-05-26T04:20:10","modified_gmt":"2020-05-26T04:20:10","slug":"planjubilado","status":"publish","type":"page","link":"http:\/\/www.bayresplan.com\/index.php\/planjubilado\/","title":{"rendered":"Plan Jubilado"},"content":{"rendered":"<div data-colibri-id=\"178-c1\" class=\"style-466 style-local-178-c1 position-relative\">\r\n  <!---->\r\n  <div data-colibri-component=\"section\" data-colibri-id=\"178-c2\" id=\"about-2\" class=\"h-section h-section-global-spacing d-flex align-items-lg-center align-items-md-center align-items-center style-467 style-local-178-c2 position-relative\">\r\n    <!---->\r\n    <!---->\r\n    <div class=\"h-section-grid-container h-section-boxed-container\">\r\n      <!---->\r\n      <div data-colibri-id=\"178-c3\" class=\"h-row-container gutters-row-lg-2 gutters-row-md-2 gutters-row-2 gutters-row-v-lg-2 gutters-row-v-md-2 gutters-row-v-2 style-468 style-local-178-c3 position-relative\">\r\n        <!---->\r\n        <div class=\"h-row justify-content-lg-center justify-content-md-center justify-content-center align-items-lg-stretch align-items-md-stretch align-items-stretch gutters-col-lg-2 gutters-col-md-2 gutters-col-2 gutters-col-v-lg-2 gutters-col-v-md-2 gutters-col-v-2\">\r\n          <!---->\r\n          <div class=\"h-column h-column-container d-flex h-col-lg-auto h-col-md-auto h-col-auto style-469-outer style-local-178-c4-outer\">\r\n            <div data-colibri-id=\"178-c4\" class=\"d-flex h-flex-basis h-column__inner h-px-lg-2 h-px-md-2 h-px-2 v-inner-lg-2 v-inner-md-2 v-inner-2 style-469 style-local-178-c4 position-relative\">\r\n              <!---->\r\n              <!---->\r\n              <div class=\"w-100 h-y-container h-column__content h-column__v-align flex-basis-100 align-self-lg-center align-self-md-center align-self-center\">\r\n                <!---->\r\n                <div data-colibri-id=\"178-c5\" class=\"h-global-transition-all h-heading style-470 style-local-178-c5 position-relative h-element\">\r\n                  <!---->\r\n                  <!---->\r\n                  <h2 class=\"\">Nuestro exclusivo<em style=\"color: rgb(247, 144, 7); font-family: &quot;Playfair Display&quot;;\"><br>Plan Jubilado&nbsp;<\/em><\/h2>\r\n                <\/div>\r\n                <div data-colibri-id=\"178-c6\" class=\"h-text h-text-component style-471 style-local-178-c6 position-relative h-element\">\r\n                  <!---->\r\n                  <!---->\r\n                  <div class=\"\">\r\n                    <p><strong style=\"font-weight: 400; color: rgb(0, 0, 0); font-family: &quot;Trebuchet MS&quot;; font-size: 11pt;\">Tiene como particularidad la posibilidad de afiliarse a varios planes de salud sin ning\u00fan tipo de l\u00edmite de edad. Tenemos planes completos y otros que sirven como complemento a otras coberturas como PAMI. Dependiendo el plan y la edad, los planes inician en un valor de $3140 (Plan Dorado) y $2690 (Plan Plateado)<\/strong><\/p>\r\n                    <p>\r\n                      <br>\r\n                    <\/p>\r\n                  <\/div>\r\n                <\/div>\r\n              <\/div>\r\n            <\/div>\r\n          <\/div>\r\n          <div class=\"h-column h-column-container d-flex h-col-lg-auto h-col-md-auto h-col-auto style-472-outer style-local-178-c7-outer\">\r\n            <div data-colibri-id=\"178-c7\" class=\"d-flex h-flex-basis h-column__inner h-px-lg-2 h-px-md-2 h-px-2 v-inner-lg-2 v-inner-md-2 v-inner-2 style-472 style-local-178-c7 position-relative\">\r\n              <!---->\r\n              <!---->\r\n              <div class=\"w-100 h-y-container h-column__content h-column__v-align flex-basis-100 align-self-lg-center align-self-md-center align-self-center\">\r\n                <!---->\r\n                <div data-colibri-id=\"178-c8\" class=\"d-block style-473 style-local-178-c8 position-relative h-element\">\r\n                  <!---->\r\n                  <div class=\"h-image__frame-container-outer\">\r\n                    <div class=\"h-image__frame-container\">\r\n                      <!---->\r\n                      <!---->\r\n                      <img loading=\"lazy\" width=\"422\" height=\"423\" src=\"http:\/\/www.bayresplan.com\/wp-content\/uploads\/2020\/04\/cropped-jubilado.jpg\" class=\"wp-image-183 style-473-image style-local-178-c8-image\" srcset=\"http:\/\/www.bayresplan.com\/wp-content\/uploads\/2020\/04\/cropped-jubilado.jpg 422w, http:\/\/www.bayresplan.com\/wp-content\/uploads\/2020\/04\/cropped-jubilado-300x300.jpg 300w, http:\/\/www.bayresplan.com\/wp-content\/uploads\/2020\/04\/cropped-jubilado-150x150.jpg 150w\" sizes=\"(max-width: 422px) 100vw, 422px\" alt=\"jubilado\" \/>\r\n                      <div class=\"h-image__frame h-hide-sm style-473-frameImage style-local-178-c8-frameImage\"><\/div>\r\n                    <\/div>\r\n                  <\/div>\r\n                <\/div>\r\n              <\/div>\r\n            <\/div>\r\n          <\/div>\r\n        <\/div>\r\n      <\/div>\r\n    <\/div>\r\n  <\/div>\r\n  <div data-colibri-component=\"section\" data-colibri-id=\"178-c9\" id=\"cta\" class=\"h-section h-section-global-spacing d-flex align-items-lg-center align-items-md-center align-items-center style-474 style-local-178-c9 position-relative\">\r\n    <!---->\r\n    <!---->\r\n    <div class=\"h-section-grid-container h-section-boxed-container\">\r\n      <!---->\r\n      <div data-colibri-id=\"178-c10\" class=\"h-row-container gutters-row-lg-2 gutters-row-md-2 gutters-row-0 gutters-row-v-lg-2 gutters-row-v-md-2 gutters-row-v-2 style-475 style-local-178-c10 position-relative\">\r\n        <!---->\r\n        <div class=\"h-row justify-content-lg-center justify-content-md-center justify-content-center align-items-lg-stretch align-items-md-stretch align-items-stretch gutters-col-lg-2 gutters-col-md-2 gutters-col-0 gutters-col-v-lg-2 gutters-col-v-md-2 gutters-col-v-2\">\r\n          <!---->\r\n          <div class=\"h-column h-column-container d-flex h-col-lg h-col-md h-col-auto style-476-outer style-local-178-c11-outer\">\r\n            <div data-colibri-id=\"178-c11\" class=\"d-flex h-flex-basis h-column__inner h-px-lg-0 h-px-md-0 h-px-2 v-inner-lg-0 v-inner-md-0 v-inner-2 style-476 style-local-178-c11 position-relative\">\r\n              <!---->\r\n              <!---->\r\n              <div class=\"w-100 h-y-container h-column__content h-column__v-align flex-basis-100 align-self-lg-center align-self-md-center align-self-center\">\r\n                <!---->\r\n                <div data-colibri-id=\"178-c12\" class=\"h-global-transition-all h-heading style-477 style-local-178-c12 position-relative h-element\">\r\n                  <!---->\r\n                  <!---->\r\n                  <h4 class=\"\">Contamos con m\u00e1s de 40 cl\u00ednicas en todo buenos aires y el 100% de las especialidades m\u00e9dicas. Adem\u00e1s contamos con red de farmacias con importantes descuentos, centros odontol\u00f3gicos, guardias de todo tipo, servicio de ambulancia y muchas\r\n                    m\u00e1s. Para m\u00e1s informaci\u00f3n complete el siguiente formulario y elija de qu\u00e9 forma quiere que uno de nuestro asesores se comunique<\/h4>\r\n                <\/div>\r\n              <\/div>\r\n            <\/div>\r\n          <\/div>\r\n        <\/div>\r\n      <\/div>\r\n    <\/div>\r\n  <\/div>\r\n  <div data-colibri-component=\"section\" data-colibri-id=\"178-c17\" id=\"contact\" class=\"h-section h-section-global-spacing d-flex align-items-lg-center align-items-md-center align-items-center style-514 style-local-178-c17 position-relative\">\r\n    <div class=\"background-wrapper\">\r\n      <div class=\"background-layer background-layer-media-container-lg\">\r\n        <!---->\r\n        <div class=\"overlay-layer\">\r\n          <div class=\"overlay-image-layer\" style=\"background-color: rgb(23, 37, 42); opacity: 0.5;\"><\/div>\r\n        <\/div>\r\n      <\/div>\r\n      <div class=\"background-layer background-layer-media-container-md\">\r\n        <!---->\r\n        <div class=\"overlay-layer\">\r\n          <div class=\"overlay-image-layer\" style=\"background-color: rgb(23, 37, 42); opacity: 0.5;\"><\/div>\r\n        <\/div>\r\n      <\/div>\r\n      <div class=\"background-layer background-layer-media-container\">\r\n        <!---->\r\n        <div class=\"overlay-layer\">\r\n          <div class=\"overlay-image-layer\" style=\"background-color: rgb(23, 37, 42); opacity: 0.5;\"><\/div>\r\n        <\/div>\r\n      <\/div>\r\n    <\/div>\r\n    <!---->\r\n    <div class=\"h-section-grid-container h-section-boxed-container\">\r\n      <!---->\r\n      <div data-colibri-id=\"178-c18\" class=\"h-row-container gutters-row-lg-2 gutters-row-md-2 gutters-row-2 gutters-row-v-lg-2 gutters-row-v-md-2 gutters-row-v-2 style-515 style-local-178-c18 position-relative\">\r\n        <!---->\r\n        <div class=\"h-row justify-content-lg-center justify-content-md-center justify-content-center align-items-lg-stretch align-items-md-stretch align-items-stretch gutters-col-lg-2 gutters-col-md-2 gutters-col-2 gutters-col-v-lg-2 gutters-col-v-md-2 gutters-col-v-2\">\r\n          <!---->\r\n          <div class=\"h-column h-column-container d-flex h-col-lg-auto h-col-md-auto h-col-auto style-516-outer style-local-178-c19-outer\">\r\n            <div data-colibri-id=\"178-c19\" class=\"d-flex h-flex-basis h-column__inner h-px-lg-0 h-px-md-0 h-px-0 v-inner-lg-0 v-inner-md-0 v-inner-0 style-516 style-local-178-c19 position-relative\">\r\n              <!---->\r\n              <!---->\r\n              <div class=\"w-100 h-y-container h-column__content h-column__v-align flex-basis-100 align-self-lg-start align-self-md-start align-self-start\">\r\n                <!---->\r\n                <div data-colibri-id=\"178-c20\" class=\"h-row-container gutters-row-lg-0 gutters-row-md-0 gutters-row-0 gutters-row-v-lg-0 gutters-row-v-md-0 gutters-row-v-0 style-517 style-local-178-c20 position-relative\">\r\n                  <!---->\r\n                  <div class=\"h-row justify-content-lg-center justify-content-md-center justify-content-center align-items-lg-stretch align-items-md-stretch align-items-stretch gutters-col-lg-0 gutters-col-md-0 gutters-col-0 gutters-col-v-lg-0 gutters-col-v-md-0 gutters-col-v-0\">\r\n                    <!---->\r\n                    <div class=\"h-column h-column-container d-flex h-col-lg-auto h-col-md-auto h-col-auto style-518-outer style-local-178-c21-outer\">\r\n                      <div data-colibri-id=\"178-c21\" class=\"d-flex h-flex-basis h-column__inner h-px-lg-0 h-px-md-0 h-px-0 v-inner-lg-0 v-inner-md-0 v-inner-0 style-518 style-local-178-c21 position-relative\">\r\n                        <!---->\r\n                        <!---->\r\n                        <div class=\"w-100 h-y-container h-column__content h-column__v-align flex-basis-100 align-self-lg-center align-self-md-center align-self-center\">\r\n                          <!---->\r\n                          <div data-colibri-id=\"178-c22\" class=\"h-global-transition-all h-heading style-519 style-local-178-c22 position-relative h-element\">\r\n                            <!---->\r\n                            <!---->\r\n                            <h4 class=\"\">DEJANOS TU DATOS PARA MAS INFO<\/h4>\r\n                          <\/div>\r\n                          <div data-colibri-id=\"178-c23\" class=\"h-icon style-520 style-local-178-c23 position-relative h-element\">\r\n                            <!----><span class=\"h-svg-icon h-icon__icon style-520-icon style-local-178-c23-icon\"><!--Icon by Font Awesome (https:\/\/fontawesome.com)--><svg version=\"1.1\" xmlns=\"http:\/\/www.w3.org\/2000\/svg\" xmlns:xlink=\"http:\/\/www.w3.org\/1999\/xlink\" id=\"envelope-o\" viewBox=\"0 0 1792 1896.0833\"><path d=\"M1664 1504V736q-32 36-69 66-268 206-426 338-51 43-83 67t-86.5 48.5T897 1280h-2q-48 0-102.5-24.5T706 1207t-83-67q-158-132-426-338-37-30-69-66v768q0 13 9.5 22.5t22.5 9.5h1472q13 0 22.5-9.5t9.5-22.5zm0-1051v-24.5l-.5-13-3-12.5-5.5-9-9-7.5-14-2.5H160q-13 0-22.5 9.5T128 416q0 168 147 284 193 152 401 317 6 5 35 29.5t46 37.5 44.5 31.5T852 1143t43 9h2q20 0 43-9t50.5-27.5 44.5-31.5 46-37.5 35-29.5q208-165 401-317 54-43 100.5-115.5T1664 453zm128-37v1088q0 66-47 113t-113 47H160q-66 0-113-47T0 1504V416q0-66 47-113t113-47h1472q66 0 113 47t47 113z\"><\/path><\/svg><\/span><\/div>\r\n                        <\/div>\r\n                      <\/div>\r\n                    <\/div>\r\n                    <div class=\"h-column h-column-container d-flex h-col-lg-auto h-col-md-auto h-col-auto style-523-outer style-local-178-c26-outer\">\r\n                      <div data-colibri-id=\"178-c26\" class=\"d-flex h-flex-basis h-column__inner h-px-lg-0 h-px-md-0 h-px-0 v-inner-lg-0 v-inner-md-0 v-inner-0 style-523 style-local-178-c26 position-relative\">\r\n                        <!---->\r\n                        <!---->\r\n                        <div class=\"w-100 h-y-container h-column__content h-column__v-align flex-basis-100 align-self-lg-center align-self-md-center align-self-center\">\r\n                          <!---->\r\n                          <div data-colibri-id=\"178-c27\" class=\"style-524 style-local-178-c27 position-relative h-element\">\r\n                            <!---->\r\n                            <div class=\"h-global-transition-all h-contact-form-shortcode h-global-transition h-global-transition-all\"><div role=\"form\" class=\"wpcf7\" id=\"wpcf7-f224-o1\" lang=\"es-ES\" dir=\"ltr\">\n<div class=\"screen-reader-response\"><p role=\"status\" aria-live=\"polite\" aria-atomic=\"true\"><\/p> <ul><\/ul><\/div>\n<form action=\"\/index.php\/wp-json\/wp\/v2\/pages\/178#wpcf7-f224-o1\" method=\"post\" class=\"wpcf7-form init\" novalidate=\"novalidate\" data-status=\"init\">\n<div style=\"display: none;\">\n<input type=\"hidden\" name=\"_wpcf7\" value=\"224\" \/>\n<input type=\"hidden\" name=\"_wpcf7_version\" value=\"5.5.3\" \/>\n<input type=\"hidden\" name=\"_wpcf7_locale\" value=\"es_ES\" \/>\n<input type=\"hidden\" name=\"_wpcf7_unit_tag\" value=\"wpcf7-f224-o1\" \/>\n<input type=\"hidden\" name=\"_wpcf7_container_post\" value=\"0\" \/>\n<input type=\"hidden\" name=\"_wpcf7_posted_data_hash\" value=\"\" \/>\n<\/div>\n<p><label> Nombre*<br \/>\n    <span class=\"wpcf7-form-control-wrap your-name\"><input type=\"text\" name=\"your-name\" value=\"\" size=\"40\" class=\"wpcf7-form-control wpcf7-text wpcf7-validates-as-required\" aria-required=\"true\" aria-invalid=\"false\" \/><\/span> <\/label><\/p>\n<p><label> Mail*<br \/>\n    <span class=\"wpcf7-form-control-wrap your-email\"><input type=\"email\" name=\"your-email\" value=\"\" size=\"40\" class=\"wpcf7-form-control wpcf7-text wpcf7-email wpcf7-validates-as-required wpcf7-validates-as-email\" aria-required=\"true\" aria-invalid=\"false\" \/><\/span> <\/label><\/p>\n<p><label> Tel\u00e9fono*<br \/>\n    <span class=\"wpcf7-form-control-wrap telefono\"><input type=\"tel\" name=\"telefono\" value=\"\" size=\"40\" class=\"wpcf7-form-control wpcf7-text wpcf7-tel wpcf7-validates-as-required wpcf7-validates-as-tel\" aria-required=\"true\" aria-invalid=\"false\" \/><\/span> <\/label><\/p>\n<p><label> Localidad<br \/>\n   <span class=\"wpcf7-form-control-wrap localidad\"><input type=\"text\" name=\"localidad\" value=\"\" size=\"40\" class=\"wpcf7-form-control wpcf7-text\" aria-invalid=\"false\" \/><\/span> <\/label><\/p>\n<p><label> \u00bfCuenta con recibo de sueldo, monotributo, otro o ninguna?<br \/>\n   <span class=\"wpcf7-form-control-wrap cuenta\"><input type=\"text\" name=\"cuenta\" value=\"\" size=\"40\" class=\"wpcf7-form-control wpcf7-text\" aria-invalid=\"false\" \/><\/span> <\/label><\/p>\n<p><label> \u00bfNecesita una especialidad en particular?<br \/>\n   <span class=\"wpcf7-form-control-wrap Texto\"><input type=\"text\" name=\"Texto\" value=\"\" size=\"40\" class=\"wpcf7-form-control wpcf7-text\" aria-invalid=\"false\" \/><\/span> <\/label><\/p>\n<p><label> Cantidad de personas del grupo familiar y edades<br \/>\n   <span class=\"wpcf7-form-control-wrap Familia\"><input type=\"text\" name=\"Familia\" value=\"\" size=\"40\" class=\"wpcf7-form-control wpcf7-text\" aria-invalid=\"false\" \/><\/span> <\/label><\/p>\n<p><label> \u00bfDesea que un asesor le haga un llamado o le informe por Whatsapp?<br \/>\n   <span class=\"wpcf7-form-control-wrap Medio\"><input type=\"text\" name=\"Medio\" value=\"\" size=\"40\" class=\"wpcf7-form-control wpcf7-text\" aria-invalid=\"false\" \/><\/span> <\/label><\/p>\n<p><input type=\"submit\" value=\"Enviar\" class=\"wpcf7-form-control has-spinner wpcf7-submit\" \/><\/p>\n<div class=\"wpcf7-response-output\" aria-hidden=\"true\"><\/div><\/form><\/div><\/div>\r\n                          <\/div>\r\n                        <\/div>\r\n                      <\/div>\r\n                    <\/div>\r\n                  <\/div>\r\n                <\/div>\r\n              <\/div>\r\n            <\/div>\r\n          <\/div>\r\n        <\/div>\r\n      <\/div>\r\n    <\/div>\r\n  <\/div>\r\n<\/div>","protected":false},"excerpt":{"rendered":"<p>Nuestro exclusivoPlan Jubilado&nbsp; Tiene como particularidad la posibilidad de afiliarse a varios planes de salud sin ning\u00fan tipo de l\u00edmite de edad. Tenemos planes completos y otros que sirven como complemento a otras coberturas como PAMI. Dependiendo el plan y la edad, los planes inician en un valor de $3140 (Plan Dorado) y $2690 (Plan [&hellip;]<\/p>\n","protected":false},"author":1,"featured_media":183,"parent":0,"menu_order":0,"comment_status":"closed","ping_status":"closed","template":"page-templates\/full-width-page.php","meta":[],"yoast_head":"<!-- This site is optimized with the Yoast SEO plugin v14.8.1 - https:\/\/yoast.com\/wordpress\/plugins\/seo\/ -->\n<title>Plan Jubilado - BayresPlan<\/title>\n<meta name=\"description\" content=\"En Bayres Plan te ofrecemos completos y diferentes planes que te ofrecen la calidad humana, profesional y tecnolog\u00eda avanzada para cuidarte\" \/>\n<meta name=\"robots\" content=\"index, follow\" \/>\n<meta name=\"googlebot\" content=\"index, follow, max-snippet:-1, max-image-preview:large, max-video-preview:-1\" \/>\n<meta name=\"bingbot\" content=\"index, follow, max-snippet:-1, max-image-preview:large, max-video-preview:-1\" \/>\n<link rel=\"canonical\" href=\"http:\/\/www.bayresplan.com\/index.php\/planjubilado\/\" \/>\n<meta property=\"og:locale\" content=\"es_ES\" \/>\n<meta property=\"og:type\" content=\"article\" \/>\n<meta property=\"og:title\" content=\"Plan Jubilado - BayresPlan\" \/>\n<meta property=\"og:description\" content=\"En Bayres Plan te ofrecemos completos y diferentes planes que te ofrecen la calidad humana, profesional y tecnolog\u00eda avanzada para cuidarte\" \/>\n<meta property=\"og:url\" content=\"http:\/\/www.bayresplan.com\/index.php\/planjubilado\/\" \/>\n<meta property=\"og:site_name\" content=\"BayresPlan\" \/>\n<meta property=\"article:modified_time\" content=\"2020-05-26T04:20:10+00:00\" \/>\n<meta property=\"og:image\" content=\"http:\/\/www.bayresplan.com\/wp-content\/uploads\/2020\/04\/cropped-jubilado.jpg\" \/>\n\t<meta property=\"og:image:width\" content=\"422\" \/>\n\t<meta property=\"og:image:height\" content=\"423\" \/>\n<meta name=\"twitter:card\" content=\"summary_large_image\" \/>\n<script type=\"application\/ld+json\" class=\"yoast-schema-graph\">{\"@context\":\"https:\/\/schema.org\",\"@graph\":[{\"@type\":\"WebSite\",\"@id\":\"http:\/\/www.bayresplan.com\/#website\",\"url\":\"http:\/\/www.bayresplan.com\/\",\"name\":\"BayresPlan\",\"description\":\"Brindando la mejor atenci&oacute;n a nuestros afiliados\",\"potentialAction\":[{\"@type\":\"SearchAction\",\"target\":\"http:\/\/www.bayresplan.com\/?s={search_term_string}\",\"query-input\":\"required name=search_term_string\"}],\"inLanguage\":\"es\"},{\"@type\":\"ImageObject\",\"@id\":\"http:\/\/www.bayresplan.com\/index.php\/planjubilado\/#primaryimage\",\"inLanguage\":\"es\",\"url\":\"http:\/\/www.bayresplan.com\/wp-content\/uploads\/2020\/04\/cropped-jubilado.jpg\",\"width\":422,\"height\":423,\"caption\":\"jubilado\"},{\"@type\":\"WebPage\",\"@id\":\"http:\/\/www.bayresplan.com\/index.php\/planjubilado\/#webpage\",\"url\":\"http:\/\/www.bayresplan.com\/index.php\/planjubilado\/\",\"name\":\"Plan Jubilado - BayresPlan\",\"isPartOf\":{\"@id\":\"http:\/\/www.bayresplan.com\/#website\"},\"primaryImageOfPage\":{\"@id\":\"http:\/\/www.bayresplan.com\/index.php\/planjubilado\/#primaryimage\"},\"datePublished\":\"2020-04-29T21:46:25+00:00\",\"dateModified\":\"2020-05-26T04:20:10+00:00\",\"description\":\"En Bayres Plan te ofrecemos completos y diferentes planes que te ofrecen la calidad humana, profesional y tecnolog\\u00eda avanzada para cuidarte\",\"inLanguage\":\"es\",\"potentialAction\":[{\"@type\":\"ReadAction\",\"target\":[\"http:\/\/www.bayresplan.com\/index.php\/planjubilado\/\"]}]}]}<\/script>\n<!-- \/ Yoast SEO plugin. -->","_links":{"self":[{"href":"http:\/\/www.bayresplan.com\/index.php\/wp-json\/wp\/v2\/pages\/178"}],"collection":[{"href":"http:\/\/www.bayresplan.com\/index.php\/wp-json\/wp\/v2\/pages"}],"about":[{"href":"http:\/\/www.bayresplan.com\/index.php\/wp-json\/wp\/v2\/types\/page"}],"author":[{"embeddable":true,"href":"http:\/\/www.bayresplan.com\/index.php\/wp-json\/wp\/v2\/users\/1"}],"replies":[{"embeddable":true,"href":"http:\/\/www.bayresplan.com\/index.php\/wp-json\/wp\/v2\/comments?post=178"}],"version-history":[{"count":4,"href":"http:\/\/www.bayresplan.com\/index.php\/wp-json\/wp\/v2\/pages\/178\/revisions"}],"predecessor-version":[{"id":732,"href":"http:\/\/www.bayresplan.com\/index.php\/wp-json\/wp\/v2\/pages\/178\/revisions\/732"}],"wp:featuredmedia":[{"embeddable":true,"href":"http:\/\/www.bayresplan.com\/index.php\/wp-json\/wp\/v2\/media\/183"}],"wp:attachment":[{"href":"http:\/\/www.bayresplan.com\/index.php\/wp-json\/wp\/v2\/media?parent=178"}],"curies":[{"name":"wp","href":"https:\/\/api.w.org\/{rel}","templated":true}]}}